{"id":172,"date":"2023-07-17T08:41:18","date_gmt":"2023-07-17T08:41:18","guid":{"rendered":"https:\/\/wintersportprojekt-kirgistan.ch\/?page_id=172"},"modified":"2023-07-24T20:05:48","modified_gmt":"2023-07-24T20:05:48","slug":"spenden","status":"publish","type":"page","link":"https:\/\/wintersportprojekt-kirgistan.ch\/?page_id=172","title":{"rendered":"Spenden"},"content":{"rendered":"\n<h3 class=\"wp-block-heading\">Spendenkonto:<\/h3>\n\n\n\n<div class=\"wp-block-columns is-layout-flex wp-container-core-columns-is-layout-9d6595d7 wp-block-columns-is-layout-flex\">\n<div class=\"wp-block-column is-layout-flow wp-block-column-is-layout-flow\">\n<p>Wintersportprojekt Kirgistan<br>c\/o Edda Maria Hergarten<br>Vea Viglia 150<br>7457 Bivio GR<br>IBAN: CH59 0900 0000 1506 7966 0<br>Konto-Nr.: 15-67966-0<br>BIC: POFICHBEXXX<\/p>\n<\/div>\n<\/div>\n\n\n\n<h3 class=\"wp-block-heading\">Spenden &#8211; Wof\u00fcr?<\/h3>\n\n\n\n<p>Deine Spende kann jungen Kirgisinnen und Kirgisen die M\u00f6glichkeit schaffen, dass sie an dieser Wintersportausbildung teilnehmen k\u00f6nnen!<\/p>\n\n\n\n<p>Kirgistan ist 5-mal so gro\u00df wie die Schweiz. Die 5-6 t\u00e4gigen Trainings finden im Norden des Landes statt, das hei\u00dft f\u00fcr einige der Teilnehmer\/-innen ist eine weite Anreise unumg\u00e4nglich. Zudem m\u00fcssen alle Teilnehmer\/-innen f\u00fcr Kost &amp; Logie  im jeweiligen Trainingsort aufkommen. F\u00fcr einige ist dies kein Problem. Andere, meist vom Lande stammend, kennen den Norden ihres eigenen Landes\u00a0nicht einmal, reisen somit das erste Mal soweit.\u00a0<\/p>\n\n\n\n<blockquote class=\"wp-block-quote is-layout-flow wp-block-quote-is-layout-flow\">\n<p>Mit den Spendengelder schaffen wir allen eine M\u00f6glichkeit,&nbsp;an dem Projekt teilzunehmen. &nbsp;<\/p>\n<\/blockquote>\n\n\n\n<p>Auch m\u00fcssen grossteils die Skiliftticket bezahlt werden!<\/p>\n\n\n\n<p>Neuanschaffungen an&nbsp;Wintersportmaterial kann sich keiner der Teilnehmer leisten.&nbsp;Seconhand-Wintersportmaterial existiert im Land kaum&nbsp;und wenn, dann sind es immer noch enorme, unerschwingliche&nbsp;&nbsp;Preise f\u00fcr die lokale Bev\u00f6lkerung.<\/p>\n\n\n\n<p>Darum: unser gesammeltes Material aus der Schweiz f\u00fchrt zu hohen Transportkosten. Deine Spende hilft unter anderem, diese Kosten zu tragen!<\/p>\n\n\n\n<p>Mit einer Geldspende hilfst du somit:<\/p>\n\n\n\n<ul class=\"wp-block-list\">\n<li>Menschen das Training zu erm\u00f6glichen<\/li>\n\n\n\n<li>Materialanschaffung<\/li>\n\n\n\n<li>Bezahlung der beigezogenen kirgisischen \u00dcbersetzer und Ausbildner ( zB. First Aid)<\/li>\n<\/ul>\n","protected":false},"excerpt":{"rendered":"<p>Spendenkonto: Wintersportprojekt Kirgistanc\/o Edda Maria HergartenVea Viglia 1507457 Bivio GRIBAN: CH59 0900 0000 1506 7966 0Konto-Nr.: 15-67966-0BIC: POFICHBEXXX Spenden &#8211; Wof\u00fcr? Deine Spende kann jungen &hellip; <\/p>\n","protected":false},"author":1,"featured_media":151,"parent":0,"menu_order":0,"comment_status":"closed","ping_status":"closed","template":"","meta":{"footnotes":""},"class_list":["post-172","page","type-page","status-publish","has-post-thumbnail","hentry","latest_post"],"_links":{"self":[{"href":"https:\/\/wintersportprojekt-kirgistan.ch\/index.php?rest_route=\/wp\/v2\/pages\/172","targetHints":{"allow":["GET"]}}],"collection":[{"href":"https:\/\/wintersportprojekt-kirgistan.ch\/index.php?rest_route=\/wp\/v2\/pages"}],"about":[{"href":"https:\/\/wintersportprojekt-kirgistan.ch\/index.php?rest_route=\/wp\/v2\/types\/page"}],"author":[{"embeddable":true,"href":"https:\/\/wintersportprojekt-kirgistan.ch\/index.php?rest_route=\/wp\/v2\/users\/1"}],"replies":[{"embeddable":true,"href":"https:\/\/wintersportprojekt-kirgistan.ch\/index.php?rest_route=%2Fwp%2Fv2%2Fcomments&post=172"}],"version-history":[{"count":4,"href":"https:\/\/wintersportprojekt-kirgistan.ch\/index.php?rest_route=\/wp\/v2\/pages\/172\/revisions"}],"predecessor-version":[{"id":212,"href":"https:\/\/wintersportprojekt-kirgistan.ch\/index.php?rest_route=\/wp\/v2\/pages\/172\/revisions\/212"}],"wp:featuredmedia":[{"embeddable":true,"href":"https:\/\/wintersportprojekt-kirgistan.ch\/index.php?rest_route=\/wp\/v2\/media\/151"}],"wp:attachment":[{"href":"https:\/\/wintersportprojekt-kirgistan.ch\/index.php?rest_route=%2Fwp%2Fv2%2Fmedia&parent=172"}],"curies":[{"name":"wp","href":"https:\/\/api.w.org\/{rel}","templated":true}]}}